{"id":1848,"date":"2023-08-06T09:36:24","date_gmt":"2023-08-06T09:36:24","guid":{"rendered":"https:\/\/pediafx.com\/?page_id=1848"},"modified":"2023-08-06T09:36:24","modified_gmt":"2023-08-06T09:36:24","slug":"dat-lai-mat-khau","status":"publish","type":"page","link":"https:\/\/pediafx.com\/vi\/dat-lai-mat-khau\/","title":{"rendered":"\u0110\u1eb7t l\u1ea1i m\u1eadt kh\u1ea9u"},"content":{"rendered":"<div class=\"um um-password um-um_password_id\">\n\t<div class=\"um-form\">\n\t\t<form method=\"post\" action=\"\" data-trp-original-action=\"\">\n\t\t\t\n\t\t\t\t<input type=\"hidden\" name=\"_um_password_reset\" id=\"_um_password_reset\" value=\"1\" \/>\n\n\t\t\t\t\t\t\t\t\t<div class=\"um-field um-field-block um-field-type_block\">\n\t\t\t\t\t\t<div class=\"um-field-block\">\n\t\t\t\t\t\t\t<div style=\"text-align:center;\">\n\t\t\t\t\t\t\t\t\u0110\u1ec3 \u0111\u1eb7t l\u1ea1i m\u1eadt kh\u1ea9u, vui l\u00f2ng nh\u1eadp \u0111\u1ecba ch\u1ec9 email ho\u1eb7c t\u00ean ng\u01b0\u1eddi d\u00f9ng b\u00ean d\u01b0\u1edbi.\t\t\t\t\t\t\t<\/div>\n\t\t\t\t\t\t<\/div>\n\t\t\t\t\t<\/div>\n\t\t\t\t\t<div  id=\"um_field_0_username_b\" class=\"um-field um-field-text  um-field-username_b um-field-text um-field-type_text\" data-key=\"username_b\"><div class=\"um-field-area\"><input  autocomplete=\"off\" class=\"um-form-field valid\" type=\"text\" name=\"username_b\" id=\"username_b\" value=\"\" placeholder=\"Nh\u1eadp t\u00ean ng\u01b0\u1eddi d\u00f9ng ho\u1eb7c email c\u1ee7a b\u1ea1n\" data-validate=\"\" data-key=\"username_b\"  aria-invalid=\"false\" \/>\n\n\t\t\t\t\t\t<\/div><\/div>\n<div class=\"um-field\">\n\t<div class=\"g-recaptcha\" id=\"um-um_password_id\" data-type=\"image\" data-size=\"normal\" data-theme=\"light\" data-sitekey=\"6LfjRkUnAAAAAOYPXgiUNSOAFzpNZ2VQxW_rev8g\"><\/div>\n<\/div>\n\n\n<script type=\"text\/javascript\">\n\t\n\t\tvar onloadCallback = function () {\n\t\t\tjQuery('.g-recaptcha').each( function (i) {\n\t\t\t\tgrecaptcha.render( jQuery(this).attr('id'), {\n\t\t\t\t\t'sitekey': jQuery(this).attr('data-sitekey'),\n\t\t\t\t\t'theme': jQuery(this).attr('data-theme')\n\t\t\t\t});\n\t\t\t});\n\t\t};\n\n\t\tfunction um_recaptcha_refresh() {\n\t\t\tjQuery('.g-recaptcha').html('');\n\t\t\tgrecaptcha.reset();\n\t\t\tonloadCallback();\n\t\t}\n\n\t<\/script>\n\t\t\t\t<div class=\"um-col-alt um-col-alt-b\">\n\t\t\t\t\t<div class=\"um-center\">\n\t\t\t\t\t\t<input type=\"submit\" value=\"\u0110\u1eb7t l\u1ea1i m\u1eadt kh\u1ea9u\" class=\"um-button\" id=\"um-submit-btn\" \/>\n\t\t\t\t\t<\/div>\n\t\t\t\t\t<div class=\"um-clear\"><\/div>\n\t\t\t\t<\/div>\n\t\t\t\t\t<input type=\"hidden\" name=\"form_id\" id=\"form_id_um_password_id\" value=\"um_password_id\" \/>\n\t\t<p class=\"um_request_name\">\n\t\t<label for=\"um_request_um_password_id\">Ch\u1ec9 \u0111i\u1ec1n v\u00e0o n\u1ebfu b\u1ea1n kh\u00f4ng ph\u1ea3i l\u00e0 ng\u01b0\u1eddi<\/label>\n\t\t<input type=\"hidden\" name=\"um_request\" id=\"um_request_um_password_id\" class=\"input\" value=\"\" size=\"25\" autocomplete=\"off\" \/>\n\t<\/p>\n\t\t\t<input type=\"hidden\" name=\"trp-form-language\" value=\"vi\"\/><\/form>\n\t<\/div>\n<\/div>\n<style>\n\t\t\t.um-um_password_id.um {\n\t\t\tmax-width: 450px;\n\t\t}\n\t\t<\/style>","protected":false},"excerpt":{"rendered":"","protected":false},"author":1,"featured_media":0,"parent":0,"menu_order":0,"comment_status":"closed","ping_status":"closed","template":"","meta":{"footnotes":""},"class_list":["post-1848","page","type-page","status-publish","hentry"],"yoast_head":"<!-- This site is optimized with the Yoast SEO plugin v26.2 - https:\/\/yoast.com\/wordpress\/plugins\/seo\/ -->\n<title>Password Reset - PediaFX - Your Trusted Global Online Broker Review Service - PediaFX - Trusted Forex Reviews - Secure Forex Broker Options<\/title>\n<meta name=\"description\" content=\"Find trusted broker reviews, detailed comparisons, and insights with PediaFX. Your guide to smarter trading decisions and success.\" \/>\n<meta name=\"robots\" content=\"index, follow, max-snippet:-1, max-image-preview:large, max-video-preview:-1\" \/>\n<link rel=\"canonical\" href=\"https:\/\/pediafx.com\/vi\/dat-lai-mat-khau\/\" \/>\n<meta property=\"og:locale\" content=\"vi_VN\" \/>\n<meta property=\"og:type\" content=\"article\" \/>\n<meta property=\"og:title\" content=\"Password Reset - PediaFX - Your Trusted Global Online Broker Review Service - PediaFX - Trusted Forex Reviews - Secure Forex Broker Options\" \/>\n<meta property=\"og:description\" content=\"Find trusted broker reviews, detailed comparisons, and insights with PediaFX. Your guide to smarter trading decisions and success.\" \/>\n<meta property=\"og:url\" content=\"https:\/\/pediafx.com\/vi\/dat-lai-mat-khau\/\" \/>\n<meta property=\"og:site_name\" content=\"PediaFX - Your Trusted Global Online Broker Review Service\" \/>\n<meta property=\"article:publisher\" content=\"https:\/\/www.facebook.com\/pediafx\/\" \/>\n<meta property=\"og:image\" content=\"https:\/\/pediafx.com\/wp-content\/uploads\/2023\/07\/pediafx-logo.png?v=1690224228\" \/>\n\t<meta property=\"og:image:width\" content=\"500\" \/>\n\t<meta property=\"og:image:height\" content=\"500\" \/>\n\t<meta property=\"og:image:type\" content=\"image\/png\" \/>\n<meta name=\"twitter:card\" content=\"summary_large_image\" \/>\n<script type=\"application\/ld+json\" class=\"yoast-schema-graph\">{\"@context\":\"https:\/\/schema.org\",\"@graph\":[{\"@type\":\"WebPage\",\"@id\":\"https:\/\/pediafx.com\/password-reset\/\",\"url\":\"https:\/\/pediafx.com\/password-reset\/\",\"name\":\"Password Reset - PediaFX - Your Trusted Global Online Broker Review Service - PediaFX - Trusted Forex Reviews - Secure Forex Broker Options\",\"isPartOf\":{\"@id\":\"https:\/\/pediafx.com\/#website\"},\"datePublished\":\"2023-08-06T09:36:24+00:00\",\"description\":\"Find trusted broker reviews, detailed comparisons, and insights with PediaFX. Your guide to smarter trading decisions and success.\",\"breadcrumb\":{\"@id\":\"https:\/\/pediafx.com\/password-reset\/#breadcrumb\"},\"inLanguage\":\"vi\",\"potentialAction\":[{\"@type\":\"ReadAction\",\"target\":[\"https:\/\/pediafx.com\/password-reset\/\"]}]},{\"@type\":\"BreadcrumbList\",\"@id\":\"https:\/\/pediafx.com\/password-reset\/#breadcrumb\",\"itemListElement\":[{\"@type\":\"ListItem\",\"position\":1,\"name\":\"Trusted Forex Broker Reviews\",\"item\":\"https:\/\/pediafx.com\/\"},{\"@type\":\"ListItem\",\"position\":2,\"name\":\"Password Reset\"}]},{\"@type\":\"WebSite\",\"@id\":\"https:\/\/pediafx.com\/#website\",\"url\":\"https:\/\/pediafx.com\/\",\"name\":\"PediaFX - Your Trusted Global Online Broker Review Service\",\"description\":\"Empowering Traders Worldwide with Trusted Broker Reviews and Expert Insights\",\"publisher\":{\"@id\":\"https:\/\/pediafx.com\/#organization\"},\"potentialAction\":[{\"@type\":\"SearchAction\",\"target\":{\"@type\":\"EntryPoint\",\"urlTemplate\":\"https:\/\/pediafx.com\/?s={search_term_string}\"},\"query-input\":{\"@type\":\"PropertyValueSpecification\",\"valueRequired\":true,\"valueName\":\"search_term_string\"}}],\"inLanguage\":\"vi\"},{\"@type\":\"Organization\",\"@id\":\"https:\/\/pediafx.com\/#organization\",\"name\":\"PediaFX: Honest Global Broker Reviews Find trusted brokers worldwide with PediaFX.\",\"url\":\"https:\/\/pediafx.com\/\",\"logo\":{\"@type\":\"ImageObject\",\"inLanguage\":\"vi\",\"@id\":\"https:\/\/pediafx.com\/#\/schema\/logo\/image\/\",\"url\":\"https:\/\/i0.wp.com\/pediafx.com\/wp-content\/uploads\/2023\/07\/pediafx-icon-2.png?fit=500%2C500&ssl=1\",\"contentUrl\":\"https:\/\/i0.wp.com\/pediafx.com\/wp-content\/uploads\/2023\/07\/pediafx-icon-2.png?fit=500%2C500&ssl=1\",\"width\":500,\"height\":500,\"caption\":\"PediaFX: Honest Global Broker Reviews Find trusted brokers worldwide with PediaFX.\"},\"image\":{\"@id\":\"https:\/\/pediafx.com\/#\/schema\/logo\/image\/\"},\"sameAs\":[\"https:\/\/www.facebook.com\/pediafx\/\"]}]}<\/script>\n<!-- \/ Yoast SEO plugin. -->","yoast_head_json":{"title":"\u0110\u1eb7t l\u1ea1i m\u1eadt kh\u1ea9u - PediaFX - D\u1ecbch v\u1ee5 \u0111\u00e1nh gi\u00e1 nh\u00e0 m\u00f4i gi\u1edbi tr\u1ef1c tuy\u1ebfn to\u00e0n c\u1ea7u \u0111\u00e1ng tin c\u1eady c\u1ee7a b\u1ea1n - PediaFX - \u0110\u00e1nh gi\u00e1 Forex \u0111\u00e1ng tin c\u1eady - T\u00f9y ch\u1ecdn nh\u00e0 m\u00f4i gi\u1edbi Forex an to\u00e0n","description":"T\u00ecm c\u00e1c \u0111\u00e1nh gi\u00e1 v\u1ec1 nh\u00e0 m\u00f4i gi\u1edbi \u0111\u00e1ng tin c\u1eady, so s\u00e1nh chi ti\u1ebft v\u00e0 th\u00f4ng tin chi ti\u1ebft v\u1edbi PediaFX. H\u01b0\u1edbng d\u1eabn c\u1ee7a b\u1ea1n \u0111\u1ec3 \u0111\u01b0a ra quy\u1ebft \u0111\u1ecbnh giao d\u1ecbch th\u00f4ng minh h\u01a1n v\u00e0 th\u00e0nh c\u00f4ng.","robots":{"index":"index","follow":"follow","max-snippet":"max-snippet:-1","max-image-preview":"max-image-preview:large","max-video-preview":"max-video-preview:-1"},"canonical":"https:\/\/pediafx.com\/vi\/dat-lai-mat-khau\/","og_locale":"vi_VN","og_type":"article","og_title":"Password Reset - PediaFX - Your Trusted Global Online Broker Review Service - PediaFX - Trusted Forex Reviews - Secure Forex Broker Options","og_description":"Find trusted broker reviews, detailed comparisons, and insights with PediaFX. Your guide to smarter trading decisions and success.","og_url":"https:\/\/pediafx.com\/vi\/dat-lai-mat-khau\/","og_site_name":"PediaFX - Your Trusted Global Online Broker Review Service","article_publisher":"https:\/\/www.facebook.com\/pediafx\/","og_image":[{"width":500,"height":500,"url":"https:\/\/pediafx.com\/wp-content\/uploads\/2023\/07\/pediafx-logo.png?v=1690224228","type":"image\/png"}],"twitter_card":"summary_large_image","schema":{"@context":"https:\/\/schema.org","@graph":[{"@type":"WebPage","@id":"https:\/\/pediafx.com\/password-reset\/","url":"https:\/\/pediafx.com\/password-reset\/","name":"\u0110\u1eb7t l\u1ea1i m\u1eadt kh\u1ea9u - PediaFX - D\u1ecbch v\u1ee5 \u0111\u00e1nh gi\u00e1 nh\u00e0 m\u00f4i gi\u1edbi tr\u1ef1c tuy\u1ebfn to\u00e0n c\u1ea7u \u0111\u00e1ng tin c\u1eady c\u1ee7a b\u1ea1n - PediaFX - \u0110\u00e1nh gi\u00e1 Forex \u0111\u00e1ng tin c\u1eady - T\u00f9y ch\u1ecdn nh\u00e0 m\u00f4i gi\u1edbi Forex an to\u00e0n","isPartOf":{"@id":"https:\/\/pediafx.com\/#website"},"datePublished":"2023-08-06T09:36:24+00:00","description":"T\u00ecm c\u00e1c \u0111\u00e1nh gi\u00e1 v\u1ec1 nh\u00e0 m\u00f4i gi\u1edbi \u0111\u00e1ng tin c\u1eady, so s\u00e1nh chi ti\u1ebft v\u00e0 th\u00f4ng tin chi ti\u1ebft v\u1edbi PediaFX. H\u01b0\u1edbng d\u1eabn c\u1ee7a b\u1ea1n \u0111\u1ec3 \u0111\u01b0a ra quy\u1ebft \u0111\u1ecbnh giao d\u1ecbch th\u00f4ng minh h\u01a1n v\u00e0 th\u00e0nh c\u00f4ng.","breadcrumb":{"@id":"https:\/\/pediafx.com\/password-reset\/#breadcrumb"},"inLanguage":"vi","potentialAction":[{"@type":"ReadAction","target":["https:\/\/pediafx.com\/password-reset\/"]}]},{"@type":"BreadcrumbList","@id":"https:\/\/pediafx.com\/password-reset\/#breadcrumb","itemListElement":[{"@type":"ListItem","position":1,"name":"Trusted Forex Broker Reviews","item":"https:\/\/pediafx.com\/"},{"@type":"ListItem","position":2,"name":"Password Reset"}]},{"@type":"WebSite","@id":"https:\/\/pediafx.com\/#website","url":"https:\/\/pediafx.com\/","name":"PediaFX - D\u1ecbch v\u1ee5 \u0111\u00e1nh gi\u00e1 nh\u00e0 m\u00f4i gi\u1edbi tr\u1ef1c tuy\u1ebfn to\u00e0n c\u1ea7u \u0111\u00e1ng tin c\u1eady c\u1ee7a b\u1ea1n","description":"Trao quy\u1ec1n cho c\u00e1c nh\u00e0 giao d\u1ecbch tr\u00ean to\u00e0n th\u1ebf gi\u1edbi v\u1edbi c\u00e1c \u0111\u00e1nh gi\u00e1 c\u1ee7a nh\u00e0 m\u00f4i gi\u1edbi \u0111\u00e1ng tin c\u1eady v\u00e0 th\u00f4ng tin chuy\u00ean s\u00e2u c\u1ee7a chuy\u00ean gia","publisher":{"@id":"https:\/\/pediafx.com\/#organization"},"potentialAction":[{"@type":"SearchAction","target":{"@type":"EntryPoint","urlTemplate":"https:\/\/pediafx.com\/?s={search_term_string}"},"query-input":{"@type":"PropertyValueSpecification","valueRequired":true,"valueName":"search_term_string"}}],"inLanguage":"vi"},{"@type":"Organization","@id":"https:\/\/pediafx.com\/#organization","name":"PediaFX: \u0110\u00e1nh gi\u00e1 trung th\u1ef1c v\u1ec1 c\u00e1c nh\u00e0 m\u00f4i gi\u1edbi to\u00e0n c\u1ea7u T\u00ecm c\u00e1c nh\u00e0 m\u00f4i gi\u1edbi \u0111\u00e1ng tin c\u1eady tr\u00ean to\u00e0n th\u1ebf gi\u1edbi v\u1edbi PediaFX.","url":"https:\/\/pediafx.com\/","logo":{"@type":"ImageObject","inLanguage":"vi","@id":"https:\/\/pediafx.com\/#\/schema\/logo\/image\/","url":"https:\/\/i0.wp.com\/pediafx.com\/wp-content\/uploads\/2023\/07\/pediafx-icon-2.png?fit=500%2C500&ssl=1","contentUrl":"https:\/\/i0.wp.com\/pediafx.com\/wp-content\/uploads\/2023\/07\/pediafx-icon-2.png?fit=500%2C500&ssl=1","width":500,"height":500,"caption":"PediaFX: Honest Global Broker Reviews Find trusted brokers worldwide with PediaFX."},"image":{"@id":"https:\/\/pediafx.com\/#\/schema\/logo\/image\/"},"sameAs":["https:\/\/www.facebook.com\/pediafx\/"]}]}},"_links":{"self":[{"href":"https:\/\/pediafx.com\/vi\/wp-json\/wp\/v2\/pages\/1848","targetHints":{"allow":["GET"]}}],"collection":[{"href":"https:\/\/pediafx.com\/vi\/wp-json\/wp\/v2\/pages"}],"about":[{"href":"https:\/\/pediafx.com\/vi\/wp-json\/wp\/v2\/types\/page"}],"author":[{"embeddable":true,"href":"https:\/\/pediafx.com\/vi\/wp-json\/wp\/v2\/users\/1"}],"replies":[{"embeddable":true,"href":"https:\/\/pediafx.com\/vi\/wp-json\/wp\/v2\/comments?post=1848"}],"version-history":[{"count":0,"href":"https:\/\/pediafx.com\/vi\/wp-json\/wp\/v2\/pages\/1848\/revisions"}],"wp:attachment":[{"href":"https:\/\/pediafx.com\/vi\/wp-json\/wp\/v2\/media?parent=1848"}],"curies":[{"name":"wp","href":"https:\/\/api.w.org\/{rel}","templated":true}]}}